{"id":873,"date":"2018-06-18T08:47:49","date_gmt":"2018-06-18T08:47:49","guid":{"rendered":"https:\/\/webcm4.pilvia.site\/?page_id=873"},"modified":"2018-07-02T10:35:19","modified_gmt":"2018-07-02T10:35:19","slug":"util-de-soldadura","status":"publish","type":"page","link":"https:\/\/www.cm4.es\/ca\/util-de-soldadura\/","title":{"rendered":"\u00daTIL DE SOLDADURA"},"content":{"rendered":"<p>[et_pb_section bb_built=&#8221;1&#8243; _builder_version=&#8221;3.0.47&#8243;][et_pb_row _builder_version=&#8221;3.0.47&#8243; background_size=&#8221;initial&#8221; background_position=&#8221;top_left&#8221; background_repeat=&#8221;repeat&#8221;][et_pb_column type=&#8221;4_4&#8243;][et_pb_text _builder_version=&#8221;3.5.1&#8243;]<\/p>\n<h1><strong>\u00daTIL DE SOLDADURA<\/strong><\/h1>\n<div>\n<p>&nbsp;<\/p>\n<div>S\u00e8rie completa d&#8217;eines per a soldar tots els elements que componen la caixa compactadora d&#8217;un cami\u00f3 d&#8217;escombraries. Tant els elements de grans dimensions com de petita grand\u00e0ria.<\/div>\n<div><\/div>\n<div>\u00datils v\u00e0lids per a tres mides de caixa 6,7 i 8m \u00b2<\/div>\n<div><\/div>\n<div>Sistema de fixaci\u00f3 de peces de r\u00e0pid accionament.<\/div>\n<div><\/div>\n<div>\u00datil de muntatge de caixa, mitjan\u00e7ant subjecci\u00f3 amb ventoses d&#8217;alta temperatura.<\/div>\n<div><\/div>\n<div>Sistema de buit i seguretat sense necessitat de tensi\u00f3 el\u00e8ctrica. Nom\u00e9s amb sistema pneum\u00e0tic.<\/div>\n<p>&nbsp;<\/p>\n<\/div>\n<p>[\/et_pb_text][\/et_pb_column][\/et_pb_row][et_pb_row _builder_version=&#8221;3.5.1&#8243;][et_pb_column type=&#8221;1_2&#8243;][et_pb_image src=&#8221;http:\/\/www.cm4.es\/wp-content\/uploads\/2018\/06\/13498645922.jpg&#8221; _builder_version=&#8221;3.5.1&#8243;]<br \/>\n[\/et_pb_image][\/et_pb_column][et_pb_column type=&#8221;1_2&#8243;][et_pb_code _builder_version=&#8221;3.5.1&#8243;]&lt;iframe width=&#8221;240&#8243; height=&#8221;240&#8243; src=&#8221;https:\/\/www.youtube.com\/embed\/Jl1Dt0MN2oU&#8221; frameborder=&#8221;0&#8243; allow=&#8221;autoplay; encrypted-media&#8221; allowfullscreen&gt;&lt;\/iframe&gt;[\/et_pb_code][\/et_pb_column][\/et_pb_row][\/et_pb_section]<\/p>\n","protected":false},"excerpt":{"rendered":"<p>\u00daTIL DE SOLDADURA &nbsp; S\u00e8rie completa d&#8217;eines per a soldar tots els elements que componen la caixa compactadora d&#8217;un cami\u00f3 d&#8217;escombraries. Tant els elements de grans dimensions com de petita grand\u00e0ria. \u00datils v\u00e0lids per a tres mides de caixa 6,7 i 8m \u00b2 Sistema de fixaci\u00f3 de peces de r\u00e0pid accionament. \u00datil de muntatge de [&hellip;]<\/p>\n","protected":false},"author":1,"featured_media":0,"parent":0,"menu_order":0,"comment_status":"closed","ping_status":"closed","template":"","meta":{"_et_pb_use_builder":"on","_et_pb_old_content":"","_et_gb_content_width":"","footnotes":""},"class_list":["post-873","page","type-page","status-publish","hentry"],"_links":{"self":[{"href":"https:\/\/www.cm4.es\/ca\/wp-json\/wp\/v2\/pages\/873","targetHints":{"allow":["GET"]}}],"collection":[{"href":"https:\/\/www.cm4.es\/ca\/wp-json\/wp\/v2\/pages"}],"about":[{"href":"https:\/\/www.cm4.es\/ca\/wp-json\/wp\/v2\/types\/page"}],"author":[{"embeddable":true,"href":"https:\/\/www.cm4.es\/ca\/wp-json\/wp\/v2\/users\/1"}],"replies":[{"embeddable":true,"href":"https:\/\/www.cm4.es\/ca\/wp-json\/wp\/v2\/comments?post=873"}],"version-history":[{"count":3,"href":"https:\/\/www.cm4.es\/ca\/wp-json\/wp\/v2\/pages\/873\/revisions"}],"predecessor-version":[{"id":1772,"href":"https:\/\/www.cm4.es\/ca\/wp-json\/wp\/v2\/pages\/873\/revisions\/1772"}],"wp:attachment":[{"href":"https:\/\/www.cm4.es\/ca\/wp-json\/wp\/v2\/media?parent=873"}],"curies":[{"name":"wp","href":"https:\/\/api.w.org\/{rel}","templated":true}]}}