{"id":1275,"date":"2018-06-26T08:52:47","date_gmt":"2018-06-26T08:52:47","guid":{"rendered":"https:\/\/webcm4.pilvia.site\/?page_id=1275"},"modified":"2018-07-02T10:03:42","modified_gmt":"2018-07-02T10:03:42","slug":"mecanismes-trappe-datelage","status":"publish","type":"page","link":"https:\/\/www.cm4.es\/fr\/mecanismes-trappe-datelage\/","title":{"rendered":"MECANISMES TRAPPE D&rsquo;ATELAGE"},"content":{"rendered":"<p>[et_pb_section bb_built=\u00a0\u00bb1&Prime; _builder_version=\u00a0\u00bb3.0.47&Prime;][et_pb_row _builder_version=\u00a0\u00bb3.0.47&Prime; background_size=\u00a0\u00bbinitial\u00a0\u00bb background_position=\u00a0\u00bbtop_left\u00a0\u00bb background_repeat=\u00a0\u00bbrepeat\u00a0\u00bb][et_pb_column type=\u00a0\u00bb4_4&Prime;][et_pb_text _builder_version=\u00a0\u00bb3.5.1&Prime;]<\/p>\n<h1><strong>MECANISMES TRAPPE D&rsquo;ATELAGE<\/strong><\/h1>\n<p>&nbsp;<\/p>\n<div id=\"contenido\">\n<div class=\"noticias_dcha\">\n<div class=\"contenedor_noticia_grande\">\n<div>\n<div class=\"jScrollPaneContainer\">\n<div id=\"contend\" class=\"scroll-pane\">\n<p>Nos m\u00e9canismes sont parfaitement adapt\u00e9s aux exigences, en personnalisant la conception pour \u00eatre install\u00e9 dans tout type de nez avant. CM4 offre la meilleure qualit\u00e9 et longue dur\u00e9e de vie, peu d&rsquo;entretien, \u00e0 des co\u00fbts comp\u00e9titifs, de donner des conseils et du soutien au client dans sa mise en \u0153uvre sur le train et effectuer tous les tests n\u00e9cessaires pour valider l&rsquo;utilisation.<\/p>\n<\/div>\n<\/div>\n<\/div>\n<\/div>\n<\/div>\n<\/div>\n<p>[\/et_pb_text][et_pb_image align=\u00a0\u00bbcenter\u00a0\u00bb src=\u00a0\u00bbhttp:\/\/www.cm4.es\/wp-content\/uploads\/2018\/06\/14375660392.png\u00a0\u00bb _builder_version=\u00a0\u00bb3.5.1&Prime;]<br \/>\n[\/et_pb_image][\/et_pb_column][\/et_pb_row][\/et_pb_section]<\/p>\n","protected":false},"excerpt":{"rendered":"<p>MECANISMES TRAPPE D&rsquo;ATELAGE &nbsp; Nos m\u00e9canismes sont parfaitement adapt\u00e9s aux exigences, en personnalisant la conception pour \u00eatre install\u00e9 dans tout type de nez avant. CM4 offre la meilleure qualit\u00e9 et longue dur\u00e9e de vie, peu d&rsquo;entretien, \u00e0 des co\u00fbts comp\u00e9titifs, de donner des conseils et du soutien au client dans sa mise en \u0153uvre sur [&hellip;]<\/p>\n","protected":false},"author":1,"featured_media":0,"parent":0,"menu_order":0,"comment_status":"closed","ping_status":"closed","template":"","meta":{"_et_pb_use_builder":"on","_et_pb_old_content":"","_et_gb_content_width":"","footnotes":""},"class_list":["post-1275","page","type-page","status-publish","hentry"],"_links":{"self":[{"href":"https:\/\/www.cm4.es\/fr\/wp-json\/wp\/v2\/pages\/1275","targetHints":{"allow":["GET"]}}],"collection":[{"href":"https:\/\/www.cm4.es\/fr\/wp-json\/wp\/v2\/pages"}],"about":[{"href":"https:\/\/www.cm4.es\/fr\/wp-json\/wp\/v2\/types\/page"}],"author":[{"embeddable":true,"href":"https:\/\/www.cm4.es\/fr\/wp-json\/wp\/v2\/users\/1"}],"replies":[{"embeddable":true,"href":"https:\/\/www.cm4.es\/fr\/wp-json\/wp\/v2\/comments?post=1275"}],"version-history":[{"count":3,"href":"https:\/\/www.cm4.es\/fr\/wp-json\/wp\/v2\/pages\/1275\/revisions"}],"predecessor-version":[{"id":1735,"href":"https:\/\/www.cm4.es\/fr\/wp-json\/wp\/v2\/pages\/1275\/revisions\/1735"}],"wp:attachment":[{"href":"https:\/\/www.cm4.es\/fr\/wp-json\/wp\/v2\/media?parent=1275"}],"curies":[{"name":"wp","href":"https:\/\/api.w.org\/{rel}","templated":true}]}}