{"id":1287,"date":"2018-06-26T09:12:48","date_gmt":"2018-06-26T09:12:48","guid":{"rendered":"https:\/\/webcm4.pilvia.site\/?page_id=1287"},"modified":"2018-07-02T10:13:19","modified_gmt":"2018-07-02T10:13:19","slug":"rampes-dacces-pour-des-prsonnes-a-mobilite-reduite-dans-le-metor-de-bruxelles","status":"publish","type":"page","link":"https:\/\/www.cm4.es\/fr\/rampes-dacces-pour-des-prsonnes-a-mobilite-reduite-dans-le-metor-de-bruxelles\/","title":{"rendered":"RAMPES D&rsquo;ACC\u00c8S POUR DES PRSONNES \u00c0 MOBILIT\u00c9 R\u00c9DUITE DANS LE M\u00c9TOR DE BRUXELLES"},"content":{"rendered":"<p>[et_pb_section bb_built=\u00a0\u00bb1&Prime;][et_pb_row][et_pb_column type=\u00a0\u00bb4_4&Prime;][et_pb_text _builder_version=\u00a0\u00bb3.5.1&Prime;]<\/p>\n<h1><strong>RAMPES D&rsquo;ACC\u00c8S POUR DES PRSONNES \u00c0 MOBILIT\u00c9 R\u00c9DUITE DANS LE M\u00c9TOR DE BRUXELLES<\/strong><\/h1>\n<p>Plateformes d\u00b4acc\u00e8s \u00e0 m\u00e9tro pour des personnes \u00e0 mobilit\u00e9 r\u00e9duite\u00a0:<\/p>\n<p>Rampes d\u00b4acc\u00e8s pour des personnes \u00e0 mobilit\u00e9 r\u00e9duite dans le m\u00e9tro de Bruxelles. Cette rampe s\u00b4ouvre selon sollicitation et moyennant un bouton-poussoir. Le machiniste valide l\u00b4ouverture. Il dispose d\u00b4un syst\u00e8me de blocage \u00e0 toute position de la rampe<\/p>\n<p>Hauteur de la rampe\u00a0 50 mm<\/p>\n<p>Longueur maximale de sortie: 250 mm<\/p>\n<p>Actionnement \u00e9lectropneumatique<\/p>\n<p>Voltage d\u00b4alimentation: 110 V DC \u00b130 %<\/p>\n<p>Pression pneumatique: 0,7-0,9 MPa<\/p>\n<p>Poix du m\u00e9canisme: 65 Kg<\/p>\n<p>Force maximale de sortie 160N r\u00e9glables<\/p>\n<p>[\/et_pb_text][et_pb_image _builder_version=\u00a0\u00bb3.5.1&Prime; src=\u00a0\u00bbhttp:\/\/www.cm4.es\/wp-content\/uploads\/2018\/06\/13498812272.jpg\u00a0\u00bb align=\u00a0\u00bbcenter\u00a0\u00bb \/][\/et_pb_column][\/et_pb_row][\/et_pb_section]<\/p>\n","protected":false},"excerpt":{"rendered":"<p><div class=\"et_pb_row et_pb_row_0 et_pb_row_empty\">\n\t\t\t\t\n\t\t\t\t\n\t\t\t\t\n\t\t\t\t\n\t\t\t\t\n\t\t\t<\/div> RAMPES D&rsquo;ACC\u00c8S POUR DES PRSONNES \u00c0 MOBILIT\u00c9 R\u00c9DUITE DANS LE M\u00c9TOR DE BRUXELLES Plateformes d\u00b4acc\u00e8s \u00e0 m\u00e9tro pour des personnes \u00e0 mobilit\u00e9 r\u00e9duite\u00a0: Rampes d\u00b4acc\u00e8s pour des personnes \u00e0 mobilit\u00e9 r\u00e9duite dans le m\u00e9tro de Bruxelles. Cette rampe s\u00b4ouvre selon sollicitation et moyennant un bouton-poussoir. Le machiniste valide l\u00b4ouverture. Il dispose d\u00b4un syst\u00e8me de [&hellip;]<\/p>\n","protected":false},"author":1,"featured_media":0,"parent":0,"menu_order":0,"comment_status":"closed","ping_status":"closed","template":"","meta":{"_et_pb_use_builder":"on","_et_pb_old_content":"","_et_gb_content_width":"","footnotes":""},"class_list":["post-1287","page","type-page","status-publish","hentry"],"_links":{"self":[{"href":"https:\/\/www.cm4.es\/fr\/wp-json\/wp\/v2\/pages\/1287","targetHints":{"allow":["GET"]}}],"collection":[{"href":"https:\/\/www.cm4.es\/fr\/wp-json\/wp\/v2\/pages"}],"about":[{"href":"https:\/\/www.cm4.es\/fr\/wp-json\/wp\/v2\/types\/page"}],"author":[{"embeddable":true,"href":"https:\/\/www.cm4.es\/fr\/wp-json\/wp\/v2\/users\/1"}],"replies":[{"embeddable":true,"href":"https:\/\/www.cm4.es\/fr\/wp-json\/wp\/v2\/comments?post=1287"}],"version-history":[{"count":3,"href":"https:\/\/www.cm4.es\/fr\/wp-json\/wp\/v2\/pages\/1287\/revisions"}],"predecessor-version":[{"id":1747,"href":"https:\/\/www.cm4.es\/fr\/wp-json\/wp\/v2\/pages\/1287\/revisions\/1747"}],"wp:attachment":[{"href":"https:\/\/www.cm4.es\/fr\/wp-json\/wp\/v2\/media?parent=1287"}],"curies":[{"name":"wp","href":"https:\/\/api.w.org\/{rel}","templated":true}]}}