{"id":1293,"date":"2018-06-26T09:16:47","date_gmt":"2018-06-26T09:16:47","guid":{"rendered":"https:\/\/webcm4.pilvia.site\/?page_id=1293"},"modified":"2018-07-02T10:26:33","modified_gmt":"2018-07-02T10:26:33","slug":"systeme-de-pesage-sur-voie","status":"publish","type":"page","link":"https:\/\/www.cm4.es\/fr\/systeme-de-pesage-sur-voie\/","title":{"rendered":"SYST\u00c8ME DE PESAGE SUR VOIE"},"content":{"rendered":"<p>[et_pb_section bb_built=\u00a0\u00bb1&Prime; _builder_version=\u00a0\u00bb3.0.47&Prime;][et_pb_row _builder_version=\u00a0\u00bb3.0.47&Prime; background_size=\u00a0\u00bbinitial\u00a0\u00bb background_position=\u00a0\u00bbtop_left\u00a0\u00bb background_repeat=\u00a0\u00bbrepeat\u00a0\u00bb][et_pb_column type=\u00a0\u00bb4_4&Prime;][et_pb_text _builder_version=\u00a0\u00bb3.5.1&Prime;]<\/p>\n<h1><strong>SYST\u00c8ME DE PESAGE SUR VOIE<\/strong><\/h1>\n<p>&nbsp;<\/p>\n<p>Syst\u00e8me compos\u00e9 de 12 cellules de charge dispos\u00e9es sous un rail ferroviaire. <strong>Il est suivi d\u00b4une voie auxiliaire lui permettant de peser un v\u00e9hicule sans faire de changements de voie.<\/strong><\/p>\n<p>Gestion et \u00e9dition des pesages moyennant une armoire Rack avec un PC. Il est compos\u00e9 de plusieurs options, parmi elles: cr\u00e9ation de rapports, visualisation du poids telle une fonction ind\u00e9pendante, calibrage de l\u00b4\u00e9quipement\u2026 etc.<\/p>\n<p>[\/et_pb_text][et_pb_image align=\u00a0\u00bbcenter\u00a0\u00bb src=\u00a0\u00bbhttps:\/\/www.cm4.es\/wp-content\/uploads\/2018\/06\/13498833692-1.jpg\u00a0\u00bb _builder_version=\u00a0\u00bb3.5.1&Prime;]<br \/>\n[\/et_pb_image][\/et_pb_column][\/et_pb_row][\/et_pb_section]<\/p>\n","protected":false},"excerpt":{"rendered":"<p>SYST\u00c8ME DE PESAGE SUR VOIE &nbsp; Syst\u00e8me compos\u00e9 de 12 cellules de charge dispos\u00e9es sous un rail ferroviaire. Il est suivi d\u00b4une voie auxiliaire lui permettant de peser un v\u00e9hicule sans faire de changements de voie. Gestion et \u00e9dition des pesages moyennant une armoire Rack avec un PC. Il est compos\u00e9 de plusieurs options, parmi [&hellip;]<\/p>\n","protected":false},"author":1,"featured_media":0,"parent":0,"menu_order":0,"comment_status":"closed","ping_status":"closed","template":"","meta":{"_et_pb_use_builder":"on","_et_pb_old_content":"","_et_gb_content_width":"","footnotes":""},"class_list":["post-1293","page","type-page","status-publish","hentry"],"_links":{"self":[{"href":"https:\/\/www.cm4.es\/fr\/wp-json\/wp\/v2\/pages\/1293","targetHints":{"allow":["GET"]}}],"collection":[{"href":"https:\/\/www.cm4.es\/fr\/wp-json\/wp\/v2\/pages"}],"about":[{"href":"https:\/\/www.cm4.es\/fr\/wp-json\/wp\/v2\/types\/page"}],"author":[{"embeddable":true,"href":"https:\/\/www.cm4.es\/fr\/wp-json\/wp\/v2\/users\/1"}],"replies":[{"embeddable":true,"href":"https:\/\/www.cm4.es\/fr\/wp-json\/wp\/v2\/comments?post=1293"}],"version-history":[{"count":2,"href":"https:\/\/www.cm4.es\/fr\/wp-json\/wp\/v2\/pages\/1293\/revisions"}],"predecessor-version":[{"id":1760,"href":"https:\/\/www.cm4.es\/fr\/wp-json\/wp\/v2\/pages\/1293\/revisions\/1760"}],"wp:attachment":[{"href":"https:\/\/www.cm4.es\/fr\/wp-json\/wp\/v2\/media?parent=1293"}],"curies":[{"name":"wp","href":"https:\/\/api.w.org\/{rel}","templated":true}]}}